{"id":21,"date":"2014-10-24T02:10:00","date_gmt":"2014-10-24T02:10:00","guid":{"rendered":"http:\/\/chumblin.gob.ec\/azuay\/?page_id=21"},"modified":"2022-04-12T17:17:38","modified_gmt":"2022-04-12T21:17:38","slug":"ultimas-noticias","status":"publish","type":"page","link":"https:\/\/chumblin.gob.ec\/azuay\/ultimas-noticias\/","title":{"rendered":"Ultimas Noticias"},"content":{"rendered":"\t\t<div data-elementor-type=\"wp-page\" data-elementor-id=\"21\" class=\"elementor elementor-21\" data-elementor-settings=\"[]\">\n\t\t\t<div class=\"elementor-inner\">\n\t\t\t\t<div class=\"elementor-section-wrap\">\n\t\t\t\t\t\t\t<section class=\"elementor-element elementor-element-898655f elementor-section-boxed elementor-section-height-default elementor-section-height-default elementor-section elementor-top-section\" data-id=\"898655f\" data-element_type=\"section\">\n\t\t\t\t\t\t<div class=\"elementor-container elementor-column-gap-default\">\n\t\t\t\t<div class=\"elementor-row\">\n\t\t\t\t<div class=\"elementor-element elementor-element-1a8fa65 elementor-column elementor-col-100 elementor-top-column\" data-id=\"1a8fa65\" data-element_type=\"column\">\n\t\t\t<div class=\"elementor-column-wrap  elementor-element-populated\">\n\t\t\t\t\t<div class=\"elementor-widget-wrap\">\n\t\t\t\t<div class=\"elementor-element elementor-element-6e73a9f elementor-grid-3 elementor-grid-tablet-2 elementor-grid-mobile-1 elementor-posts--thumbnail-top elementor-card-shadow-yes elementor-posts__hover-gradient elementor-widget elementor-widget-posts\" data-id=\"6e73a9f\" data-element_type=\"widget\" data-settings=\"{&quot;cards_columns&quot;:&quot;3&quot;,&quot;cards_columns_tablet&quot;:&quot;2&quot;,&quot;cards_columns_mobile&quot;:&quot;1&quot;,&quot;cards_row_gap&quot;:{&quot;unit&quot;:&quot;px&quot;,&quot;size&quot;:35,&quot;sizes&quot;:[]}}\" data-widget_type=\"posts.cards\">\n\t\t\t\t<div class=\"elementor-widget-container\">\n\t\t\t\t\t<div class=\"elementor-posts-container elementor-posts elementor-posts--skin-cards elementor-grid\">\n\t\t\t\t<article class=\"elementor-post elementor-grid-item post-5655 post type-post status-publish format-aside hentry category-businesssmallbusiness post_format-post-format-aside\">\n\t\t\t<div class=\"elementor-post__card\">\n\t\t\t\t<div class=\"elementor-post__text\">\n\t\t\t\t<h3 class=\"elementor-post__title\">\n\t\t\t<a href=\"https:\/\/chumblin.gob.ec\/azuay\/heard-of-the-good-kukimuki-bs-concept-right-here-is-a-superb-example\/\">\n\t\t\t\tHeard Of The good Kukimuki BS Concept? Right here Is a superb Example\t\t\t<\/a>\n\t\t<\/h3>\n\t\t\t\t<div class=\"elementor-post__excerpt\">\n\t\t\t<p>kukimuki &#8211; https:\/\/kukimukilogin.com\/. Don\u2019t chase losses with your free spins. I lost \u00a340 in 15 minutes on a high-volatility slot. The next 200 spins? All<\/p>\n\t\t<\/div>\n\t\t\t\t\t<a class=\"elementor-post__read-more\" href=\"https:\/\/chumblin.gob.ec\/azuay\/heard-of-the-good-kukimuki-bs-concept-right-here-is-a-superb-example\/\">\n\t\t\t\tleer m\u00e1s \u00bb\t\t\t<\/a>\n\t\t\t\t<\/div>\n\t\t\t\t<div class=\"elementor-post__meta-data\">\n\t\t\t\t\t<span class=\"elementor-post-date\">\n\t\t\t28 abril, 2026\t\t<\/span>\n\t\t\t\t<\/div>\n\t\t\t\t\t<\/div>\n\t\t<\/article>\n\t\t\t\t<article class=\"elementor-post elementor-grid-item post-5652 post type-post status-publish format-standard hentry category-businesssmallbusiness tag-tower-rush\">\n\t\t\t<div class=\"elementor-post__card\">\n\t\t\t\t<div class=\"elementor-post__text\">\n\t\t\t\t<h3 class=\"elementor-post__title\">\n\t\t\t<a href=\"https:\/\/chumblin.gob.ec\/azuay\/tower-rush-arnaque-fast-action-tower-defense-game\/\">\n\t\t\t\tTower Rush Arnaque Fast Action Tower Defense Game\t\t\t<\/a>\n\t\t<\/h3>\n\t\t\t\t<div class=\"elementor-post__excerpt\">\n\t\t\t<p>\u0417 Tower Rush Arnaque Fast Action Tower Defense Game Tower rush arnaque: uncover the truth behind misleading claims and deceptive practices in this game. Learn<\/p>\n\t\t<\/div>\n\t\t\t\t\t<a class=\"elementor-post__read-more\" href=\"https:\/\/chumblin.gob.ec\/azuay\/tower-rush-arnaque-fast-action-tower-defense-game\/\">\n\t\t\t\tleer m\u00e1s \u00bb\t\t\t<\/a>\n\t\t\t\t<\/div>\n\t\t\t\t<div class=\"elementor-post__meta-data\">\n\t\t\t\t\t<span class=\"elementor-post-date\">\n\t\t\t28 abril, 2026\t\t<\/span>\n\t\t\t\t<\/div>\n\t\t\t\t\t<\/div>\n\t\t<\/article>\n\t\t\t\t<article class=\"elementor-post elementor-grid-item post-5625 post type-post status-publish format-standard hentry category-sin-categoria\">\n\t\t\t<div class=\"elementor-post__card\">\n\t\t\t\t<div class=\"elementor-post__text\">\n\t\t\t\t<h3 class=\"elementor-post__title\">\n\t\t\t<a href=\"https:\/\/chumblin.gob.ec\/azuay\/all-ways-hot-fruits-%d1%81%d0%bb%d0%be%d1%82-%d0%ba%d1%80%d0%b5%d0%bf%d0%ba%d0%b8%d0%b9-%d0%b0%d1%80%d0%be%d0%bc%d0%b0%d1%82-%d0%bf%d0%be%d0%b1%d0%b5%d0%b4%d1%8b-%d0%b2-%d1%81%d0%b5%d1%80%d0%b4%d1%86\/\">\n\t\t\t\tAll Ways Hot Fruits \u0441\u043b\u043e\u0442: \u041a\u0440\u0435\u043f\u043a\u0438\u0439 \u0430\u0440\u043e\u043c\u0430\u0442 \u043f\u043e\u0431\u0435\u0434\u044b \u0432 \u0441\u0435\u0440\u0434\u0446\u0435 \u041a\u0430\u0437\u0430\u0445\u0441\u0442\u0430\u043d\u0430\t\t\t<\/a>\n\t\t<\/h3>\n\t\t\t\t<div class=\"elementor-post__excerpt\">\n\t\t\t<p>\u0412\u0435\u0447\u0435\u0440\u043d\u0438\u0435 \u043e\u0433\u043d\u0438 \u0410\u043b\u043c\u0430\u0442\u044b \u0441\u043e\u0437\u0434\u0430\u044e\u0442 \u0430\u0442\u043c\u043e\u0441\u0444\u0435\u0440\u0443, \u0433\u0434\u0435 \u043d\u0435 \u0442\u043e\u043b\u044c\u043a\u043e \u0443\u043b\u0438\u0446\u044b, \u043d\u043e \u0438 \u043e\u043d\u043b\u0430\u0439\u043d\u2011\u043a\u0430\u0437\u0438\u043d\u043e \u043f\u0440\u0438\u0442\u044f\u0433\u0438\u0432\u0430\u044e\u0442 \u0432\u043d\u0438\u043c\u0430\u043d\u0438\u0435.\u0421\u0440\u0435\u0434\u0438 \u043c\u043d\u043e\u0436\u0435\u0441\u0442\u0432\u0430 \u0430\u0432\u0442\u043e\u043c\u0430\u0442\u043e\u0432, \u0441\u0432\u0435\u0440\u043a\u0430\u044e\u0449\u0438\u0445 \u043a\u0430\u043a \u0434\u0440\u0430\u0433\u043e\u0446\u0435\u043d\u043d\u044b\u0435 \u043a\u0430\u043c\u043d\u0438, \u0432\u044b\u0434\u0435\u043b\u044f\u0435\u0442\u0441\u044f all ways hot fruits<\/p>\n\t\t<\/div>\n\t\t\t\t\t<a class=\"elementor-post__read-more\" href=\"https:\/\/chumblin.gob.ec\/azuay\/all-ways-hot-fruits-%d1%81%d0%bb%d0%be%d1%82-%d0%ba%d1%80%d0%b5%d0%bf%d0%ba%d0%b8%d0%b9-%d0%b0%d1%80%d0%be%d0%bc%d0%b0%d1%82-%d0%bf%d0%be%d0%b1%d0%b5%d0%b4%d1%8b-%d0%b2-%d1%81%d0%b5%d1%80%d0%b4%d1%86\/\">\n\t\t\t\tleer m\u00e1s \u00bb\t\t\t<\/a>\n\t\t\t\t<\/div>\n\t\t\t\t<div class=\"elementor-post__meta-data\">\n\t\t\t\t\t<span class=\"elementor-post-date\">\n\t\t\t27 abril, 2026\t\t<\/span>\n\t\t\t\t<\/div>\n\t\t\t\t\t<\/div>\n\t\t<\/article>\n\t\t\t\t<article class=\"elementor-post elementor-grid-item post-5623 post type-post status-publish format-gallery hentry category-businesssmallbusiness post_format-post-format-gallery\">\n\t\t\t<div class=\"elementor-post__card\">\n\t\t\t\t<div class=\"elementor-post__text\">\n\t\t\t\t<h3 class=\"elementor-post__title\">\n\t\t\t<a href=\"https:\/\/chumblin.gob.ec\/azuay\/why-kids-love-kuki-muki\/\">\n\t\t\t\tWhy Kids Love Kuki Muki\t\t\t<\/a>\n\t\t<\/h3>\n\t\t\t\t<div class=\"elementor-post__excerpt\">\n\t\t\t<p>kuki muki &#8211; https:\/\/kukimukilogin.com\/; What types of games are available on DraftKings Casino? DraftKings Casino features a wide selection of games, including hundreds of slot<\/p>\n\t\t<\/div>\n\t\t\t\t\t<a class=\"elementor-post__read-more\" href=\"https:\/\/chumblin.gob.ec\/azuay\/why-kids-love-kuki-muki\/\">\n\t\t\t\tleer m\u00e1s \u00bb\t\t\t<\/a>\n\t\t\t\t<\/div>\n\t\t\t\t<div class=\"elementor-post__meta-data\">\n\t\t\t\t\t<span class=\"elementor-post-date\">\n\t\t\t27 abril, 2026\t\t<\/span>\n\t\t\t\t<\/div>\n\t\t\t\t\t<\/div>\n\t\t<\/article>\n\t\t\t\t<article class=\"elementor-post elementor-grid-item post-5538 post type-post status-publish format-standard hentry category-sin-categoria\">\n\t\t\t<div class=\"elementor-post__card\">\n\t\t\t\t<div class=\"elementor-post__text\">\n\t\t\t\t<h3 class=\"elementor-post__title\">\n\t\t\t<a href=\"https:\/\/chumblin.gob.ec\/azuay\/roulette-strategien-tipps-fur-erfolg-beim-spiel\/\">\n\t\t\t\tRoulette Strategien Tipps f\u00fcr Erfolg beim Spiel\t\t\t<\/a>\n\t\t<\/h3>\n\t\t\t\t<div class=\"elementor-post__excerpt\">\n\t\t\t<p>Roulette ist eines der beliebtesten Casinospiele, das sowohl in traditionellen Casinos als auch online gespielt werden kann. Mit verschiedenen Strategien und Tipps k\u00f6nnen Spieler ihre<\/p>\n\t\t<\/div>\n\t\t\t\t\t<a class=\"elementor-post__read-more\" href=\"https:\/\/chumblin.gob.ec\/azuay\/roulette-strategien-tipps-fur-erfolg-beim-spiel\/\">\n\t\t\t\tleer m\u00e1s \u00bb\t\t\t<\/a>\n\t\t\t\t<\/div>\n\t\t\t\t<div class=\"elementor-post__meta-data\">\n\t\t\t\t\t<span class=\"elementor-post-date\">\n\t\t\t24 abril, 2026\t\t<\/span>\n\t\t\t\t<\/div>\n\t\t\t\t\t<\/div>\n\t\t<\/article>\n\t\t\t\t<article class=\"elementor-post elementor-grid-item post-5536 post type-post status-publish format-standard hentry category-sin-categoria\">\n\t\t\t<div class=\"elementor-post__card\">\n\t\t\t\t<div class=\"elementor-post__text\">\n\t\t\t\t<h3 class=\"elementor-post__title\">\n\t\t\t<a href=\"https:\/\/chumblin.gob.ec\/azuay\/roulette-echtgeld-erfahrung-ein-expertenleitfaden-fur-spiele-mit-echtem-geld\/\">\n\t\t\t\tRoulette Echtgeld Erfahrung: Ein Expertenleitfaden f\u00fcr Spiele mit echtem Geld\t\t\t<\/a>\n\t\t<\/h3>\n\t\t\t\t<div class=\"elementor-post__excerpt\">\n\t\t\t<p>Als erfahrener Spieler mit 15 Jahren Erfahrung im Online-Roulette wei\u00df ich, wie wichtig es ist, fundierte Entscheidungen zu treffen, wenn es um das Spielen von<\/p>\n\t\t<\/div>\n\t\t\t\t\t<a class=\"elementor-post__read-more\" href=\"https:\/\/chumblin.gob.ec\/azuay\/roulette-echtgeld-erfahrung-ein-expertenleitfaden-fur-spiele-mit-echtem-geld\/\">\n\t\t\t\tleer m\u00e1s \u00bb\t\t\t<\/a>\n\t\t\t\t<\/div>\n\t\t\t\t<div class=\"elementor-post__meta-data\">\n\t\t\t\t\t<span class=\"elementor-post-date\">\n\t\t\t24 abril, 2026\t\t<\/span>\n\t\t\t\t<\/div>\n\t\t\t\t\t<\/div>\n\t\t<\/article>\n\t\t\t\t<\/div>\n\t\t\t\t<\/div>\n\t\t\t\t<\/div>\n\t\t\t\t\t\t<\/div>\n\t\t\t<\/div>\n\t\t<\/div>\n\t\t\t\t\t\t<\/div>\n\t\t\t<\/div>\n\t\t<\/section>\n\t\t\t\t\t\t<\/div>\n\t\t\t<\/div>\n\t\t<\/div>\n\t\t","protected":false},"excerpt":{"rendered":"Als erfahrener Spieler mit 15 Jahren Erfahrung im Online-Roulette wei\u00df ich, wie wichtig es ist, fundierte Entscheidungen zu treffen, wenn es um das Spielen von Roulette mit echtem Geld geht. In diesem Artikel werde ich Ihnen alles \u00fcber Roulette Echtgeld Erfahrung erz\u00e4hlen, einschlie\u00dflich der besten Casinos, Tipps und Tricks, und wie Sie das Spiel fair [...]","protected":false},"author":8,"featured_media":0,"parent":0,"menu_order":0,"comment_status":"closed","ping_status":"open","template":"","meta":{"footnotes":""},"yst_prominent_words":[],"class_list":["post-21","page","type-page","status-publish","hentry"],"_links":{"self":[{"href":"https:\/\/chumblin.gob.ec\/azuay\/wp-json\/wp\/v2\/pages\/21","targetHints":{"allow":["GET"]}}],"collection":[{"href":"https:\/\/chumblin.gob.ec\/azuay\/wp-json\/wp\/v2\/pages"}],"about":[{"href":"https:\/\/chumblin.gob.ec\/azuay\/wp-json\/wp\/v2\/types\/page"}],"author":[{"embeddable":true,"href":"https:\/\/chumblin.gob.ec\/azuay\/wp-json\/wp\/v2\/users\/8"}],"replies":[{"embeddable":true,"href":"https:\/\/chumblin.gob.ec\/azuay\/wp-json\/wp\/v2\/comments?post=21"}],"version-history":[{"count":6,"href":"https:\/\/chumblin.gob.ec\/azuay\/wp-json\/wp\/v2\/pages\/21\/revisions"}],"predecessor-version":[{"id":1280,"href":"https:\/\/chumblin.gob.ec\/azuay\/wp-json\/wp\/v2\/pages\/21\/revisions\/1280"}],"wp:attachment":[{"href":"https:\/\/chumblin.gob.ec\/azuay\/wp-json\/wp\/v2\/media?parent=21"}],"wp:term":[{"taxonomy":"yst_prominent_words","embeddable":true,"href":"https:\/\/chumblin.gob.ec\/azuay\/wp-json\/wp\/v2\/yst_prominent_words?post=21"}],"curies":[{"name":"wp","href":"https:\/\/api.w.org\/{rel}","templated":true}]}}