{"id":1297,"date":"2023-01-02T11:59:49","date_gmt":"2023-01-02T15:59:49","guid":{"rendered":"https:\/\/chumblin.gob.ec\/azuay\/?page_id=1297"},"modified":"2024-06-25T17:22:25","modified_gmt":"2024-06-25T21:22:25","slug":"rendicion-de-cuentas-2023","status":"publish","type":"page","link":"https:\/\/chumblin.gob.ec\/azuay\/rendicion-de-cuentas-2023\/","title":{"rendered":"Rendici\u00f3n de Cuentas 2023"},"content":{"rendered":"<p>&nbsp;<\/p>\n<p><a href=\"https:\/\/chumblin.gob.ec\/azuay\/wp-content\/uploads\/2024\/06\/montos-infima-chumblin.xlsx\">montos infima chumblin<\/a><\/p>\n<p><a href=\"https:\/\/chumblin.gob.ec\/azuay\/wp-content\/uploads\/2024\/05\/CATALOGO-ELECTRONICO-MONTOS.pdf\">CATALOGO ELECTRONICO &#8211; MONTOS<\/a><\/p>\n<p><a href=\"https:\/\/chumblin.gob.ec\/azuay\/wp-content\/uploads\/2024\/05\/Acta-de-conformacion-del-equipo-mixto.pdf\">Acta de conformacio\u0301n del equipo mixto<\/a><\/p>\n<p><a href=\"https:\/\/chumblin.gob.ec\/azuay\/wp-content\/uploads\/2024\/05\/registro-de-asistencia-consulta-ciudadana.pdf\">registro de asistencia-consulta ciudadana<\/a><\/p>\n<p><a href=\"https:\/\/chumblin.gob.ec\/azuay\/wp-content\/uploads\/2024\/06\/Consultas-rendicion-de-cuentas-2023.-.pdf\">Consultas rendici\u00f3n de cuentas 2023.<\/a><\/p>\n<p><a href=\"https:\/\/chumblin.gob.ec\/azuay\/wp-content\/uploads\/2024\/05\/Registro-fotografico.zip\">Registro fotogr\u00e1fico<\/a><\/p>\n<p><a href=\"https:\/\/chumblin.gob.ec\/azuay\/wp-content\/uploads\/2024\/06\/Copia-de-MATRIZ_-_GAD_CHUMBLIN_2023FN1.xlsx\">BORRADOR &#8211; MATRIZ_-_GAD_CHUMBLIN_2023<\/a><\/p>\n<p>&nbsp;<\/p>\n<p><strong>DELIBERACI\u00d3N FINAL<\/strong><\/p>\n<p><a href=\"https:\/\/chumblin.gob.ec\/azuay\/wp-content\/uploads\/2024\/06\/OFICIO-DESIGNACION-DEL-EQUIPO-PARA-LA-RENDICION-DE-CUENTAS-signed-1.pdf\">OFICIO DESIGNACI\u00d3N DEL EQUIPO PARA LA RENDICI\u00d3N DE CUENTAS-signed (1)<\/a><\/p>\n<p><a href=\"https:\/\/chumblin.gob.ec\/azuay\/wp-content\/uploads\/2024\/06\/INVITACION-AL-EVENTO-DE-RENCION-DE-CUENTAS-2023.pdf\">INVITACION AL EVENTO DE RENCION DE CUENTAS 2023<\/a><\/p>\n<p><a href=\"https:\/\/chumblin.gob.ec\/azuay\/wp-content\/uploads\/2024\/06\/Registro-de-asistencia-rendicion-de-cuentas-2023-1.pdf\">Registro de asistencia &#8211; rendicion de cuentas 2023<\/a><\/p>\n<p><a href=\"https:\/\/chumblin.gob.ec\/azuay\/wp-content\/uploads\/2024\/06\/RENDICION-DE-CUENTAS-2023-_CHUMBLIN-MAYO.pdf\">RENDICION DE CUENTAS 2023 _CHUMBL\u00cdN &#8211; MAYO<\/a><\/p>\n<p><a href=\"https:\/\/chumblin.gob.ec\/azuay\/wp-content\/uploads\/2024\/06\/Reporte_Informe_Rendicion_de_Cuentas_GAD_Chumblin.pdf\">Formulario_Reporte_Informe_Rendici\u00f3n_de_Cuentas_GAD_Chumblin<\/a><\/p>\n<p><a href=\"https:\/\/chumblin.gob.ec\/azuay\/wp-content\/uploads\/2024\/06\/FORMULARIO_PRESIDENTE_2023.pdf\">Formulario<\/a>_<a href=\"https:\/\/chumblin.gob.ec\/azuay\/wp-content\/uploads\/2024\/06\/Reporte_Informe_Rendicion_de_Cuentas_GAD_Chumblin.pdf\">Reporte_Informe_Rendici\u00f3n_de_Cuentas<\/a><a href=\"https:\/\/chumblin.gob.ec\/azuay\/wp-content\/uploads\/2024\/06\/FORMULARIO_PRESIDENTE_2023.pdf\">_PRESIDENTE_2023<\/a><\/p>\n<p><a href=\"https:\/\/chumblin.gob.ec\/azuay\/wp-content\/uploads\/2024\/06\/FORMULARIO_SR_SIXTO_INGA_VOCAL.pdf\">FORMULARIO_SR_SIXTO_INGA_VOCAL<\/a><\/p>\n<p><a href=\"https:\/\/chumblin.gob.ec\/azuay\/wp-content\/uploads\/2024\/06\/FORMULARIO_SRA_NANCY_INGA_VOCAL.pdf\">FORMULARIO_SRA_NANCY_CARDENAS_VOCAL<\/a><\/p>\n<p><strong>LINK DEL EVENTO DE RENDICION DE CUENTAS\u00a0 2023<\/strong><\/p>\n<p>https:\/\/www.facebook.com\/100092707322875\/videos\/1190695695401915<\/p>\n","protected":false},"excerpt":{"rendered":"<p>&nbsp; montos infima chumblin CATALOGO ELECTRONICO &#8211; MONTOS Acta de conformacio\u0301n del equipo mixto registro de asistencia-consulta ciudadana Consultas rendici\u00f3n de cuentas 2023. Registro fotogr\u00e1fico BORRADOR &#8211; MATRIZ_-_GAD_CHUMBLIN_2023 &nbsp; DELIBERACI\u00d3N FINAL OFICIO DESIGNACI\u00d3N DEL EQUIPO PARA LA RENDICI\u00d3N DE CUENTAS-signed (1) INVITACION AL EVENTO DE RENCION DE CUENTAS 2023 Registro de asistencia &#8211; rendicion de [&hellip;]<\/p>\n","protected":false},"author":8,"featured_media":0,"parent":0,"menu_order":0,"comment_status":"closed","ping_status":"closed","template":"","meta":{"footnotes":""},"yst_prominent_words":[31,29,30],"class_list":["post-1297","page","type-page","status-publish","hentry"],"_links":{"self":[{"href":"https:\/\/chumblin.gob.ec\/azuay\/wp-json\/wp\/v2\/pages\/1297","targetHints":{"allow":["GET"]}}],"collection":[{"href":"https:\/\/chumblin.gob.ec\/azuay\/wp-json\/wp\/v2\/pages"}],"about":[{"href":"https:\/\/chumblin.gob.ec\/azuay\/wp-json\/wp\/v2\/types\/page"}],"author":[{"embeddable":true,"href":"https:\/\/chumblin.gob.ec\/azuay\/wp-json\/wp\/v2\/users\/8"}],"replies":[{"embeddable":true,"href":"https:\/\/chumblin.gob.ec\/azuay\/wp-json\/wp\/v2\/comments?post=1297"}],"version-history":[{"count":19,"href":"https:\/\/chumblin.gob.ec\/azuay\/wp-json\/wp\/v2\/pages\/1297\/revisions"}],"predecessor-version":[{"id":1796,"href":"https:\/\/chumblin.gob.ec\/azuay\/wp-json\/wp\/v2\/pages\/1297\/revisions\/1796"}],"wp:attachment":[{"href":"https:\/\/chumblin.gob.ec\/azuay\/wp-json\/wp\/v2\/media?parent=1297"}],"wp:term":[{"taxonomy":"yst_prominent_words","embeddable":true,"href":"https:\/\/chumblin.gob.ec\/azuay\/wp-json\/wp\/v2\/yst_prominent_words?post=1297"}],"curies":[{"name":"wp","href":"https:\/\/api.w.org\/{rel}","templated":true}]}}