{"id":1043,"date":"2020-05-28T22:36:00","date_gmt":"2020-05-29T02:36:00","guid":{"rendered":"http:\/\/chumblin.gob.ec\/azuay\/?page_id=1043"},"modified":"2023-07-31T11:28:43","modified_gmt":"2023-07-31T15:28:43","slug":"pagina-oficial-del-gad-chumblin","status":"publish","type":"page","link":"https:\/\/chumblin.gob.ec\/azuay\/","title":{"rendered":"P\u00e1gina Oficial del GAD Chumblin"},"content":{"rendered":"<p style=\"text-align: center;\">Sr. Jos\u00e9 Benito Paccha Inga<\/p>\n<h3 style=\"text-align: center;\"><strong>Presidente del GAD Parroquial de Chumbl\u00edn<\/strong><\/h3>\n<h2 style=\"text-align: center;\"><strong>Administraci\u00f3n 2023 &#8211; 2027\u00a0<\/strong><\/h2>\n<p><img loading=\"lazy\" decoding=\"async\" class=\"size-medium wp-image-1324 aligncenter\" src=\"https:\/\/chumblin.gob.ec\/azuay\/wp-content\/uploads\/2010\/10\/347115856_1203535513638919_2843765744179275579_n-550x367.jpg\" alt=\"\" width=\"550\" height=\"367\" \/><\/p>\n<h2 style=\"text-align: center;\"><strong>Insignia Anual de Registro de Catastro 2022<\/strong><\/h2>\n<p><img loading=\"lazy\" decoding=\"async\" class=\"size-full wp-image-1323 aligncenter\" src=\"https:\/\/chumblin.gob.ec\/azuay\/wp-content\/uploads\/2010\/10\/408235aa-d274-48df-a3e8-fcad4797992b.jpg\" alt=\"\" width=\"445\" height=\"287\" \/><\/p>\n<p>La Defensor\u00eda del Pueblo, con la finalidad de reconocer a las entidades que se encuentran obligadas a transparentar y garantizar el acceso a la informaci\u00f3n p\u00fablica, nos dio a conocer que el GAD permite contar con la Insignia anual de registro de catastro 2022, que debera ser incorporada en la p\u00e1gina web y las redes sociales. Insignia con la cual se valida que el GAD Parroquial de Chumbl\u00edn\u00a0 se encuentra registrado en la base de datos del catastro defensorial constante en el aplicativo web \u00abMLOTAIP-Entidades\u00bb.<\/p>\n<h2 style=\"text-align: center;\"><span style=\"color: #000000;\"><strong>EL GAD PARROQUIAL DE CHUMBL\u00cdN\u00a0<\/strong><\/span><\/h2>\n<p style=\"text-align: center;\">\u00abCon la finalidad de reconocer a las entidades por transparentar y garantizar el acceso a la informaci\u00f3n p\u00fablica, se confiere la presente Certificaci\u00f3n por la presentaci\u00f3n del Informe anual sobre el cumplimiento del derecho de acceso a la informaci\u00f3n p\u00fablica per\u00edodo 2022 y el sello defensorial por el citado cumplimiento para publicaci\u00f3n en un lugar visible del sitio web institucional y para la incorporaci\u00f3n en las redes sociales institucionales\u00bb<\/p>\n<p><img loading=\"lazy\" decoding=\"async\" class=\"size-full wp-image-1343 aligncenter\" src=\"https:\/\/chumblin.gob.ec\/azuay\/wp-content\/uploads\/2023\/07\/Azuay-0160032710001.jpeg\" alt=\"\" width=\"250\" height=\"407\" \/><\/p>\n<p><img loading=\"lazy\" decoding=\"async\" class=\"size-medium wp-image-1344 aligncenter\" src=\"https:\/\/chumblin.gob.ec\/azuay\/wp-content\/uploads\/2023\/07\/0160032710001-550x388.jpeg\" alt=\"\" width=\"550\" height=\"388\" srcset=\"https:\/\/chumblin.gob.ec\/azuay\/wp-content\/uploads\/2023\/07\/0160032710001-550x388.jpeg 550w, https:\/\/chumblin.gob.ec\/azuay\/wp-content\/uploads\/2023\/07\/0160032710001-1024x723.jpeg 1024w, https:\/\/chumblin.gob.ec\/azuay\/wp-content\/uploads\/2023\/07\/0160032710001-768x542.jpeg 768w, https:\/\/chumblin.gob.ec\/azuay\/wp-content\/uploads\/2023\/07\/0160032710001.jpeg 1280w\" sizes=\"auto, (max-width: 550px) 100vw, 550px\" \/><\/p>\n","protected":false},"excerpt":{"rendered":"<p>Sr. Jos\u00e9 Benito Paccha Inga Presidente del GAD Parroquial de Chumbl\u00edn Administraci\u00f3n 2023 &#8211; 2027\u00a0 Insignia Anual de Registro de Catastro 2022 La Defensor\u00eda del Pueblo, con la finalidad de reconocer a las entidades que se encuentran obligadas a transparentar y garantizar el acceso a la informaci\u00f3n p\u00fablica, nos dio a conocer que el GAD [&hellip;]<\/p>\n","protected":false},"author":8,"featured_media":0,"parent":0,"menu_order":0,"comment_status":"closed","ping_status":"closed","template":"","meta":{"footnotes":""},"yst_prominent_words":[],"class_list":["post-1043","page","type-page","status-publish","hentry"],"_links":{"self":[{"href":"https:\/\/chumblin.gob.ec\/azuay\/wp-json\/wp\/v2\/pages\/1043","targetHints":{"allow":["GET"]}}],"collection":[{"href":"https:\/\/chumblin.gob.ec\/azuay\/wp-json\/wp\/v2\/pages"}],"about":[{"href":"https:\/\/chumblin.gob.ec\/azuay\/wp-json\/wp\/v2\/types\/page"}],"author":[{"embeddable":true,"href":"https:\/\/chumblin.gob.ec\/azuay\/wp-json\/wp\/v2\/users\/8"}],"replies":[{"embeddable":true,"href":"https:\/\/chumblin.gob.ec\/azuay\/wp-json\/wp\/v2\/comments?post=1043"}],"version-history":[{"count":9,"href":"https:\/\/chumblin.gob.ec\/azuay\/wp-json\/wp\/v2\/pages\/1043\/revisions"}],"predecessor-version":[{"id":1347,"href":"https:\/\/chumblin.gob.ec\/azuay\/wp-json\/wp\/v2\/pages\/1043\/revisions\/1347"}],"wp:attachment":[{"href":"https:\/\/chumblin.gob.ec\/azuay\/wp-json\/wp\/v2\/media?parent=1043"}],"wp:term":[{"taxonomy":"yst_prominent_words","embeddable":true,"href":"https:\/\/chumblin.gob.ec\/azuay\/wp-json\/wp\/v2\/yst_prominent_words?post=1043"}],"curies":[{"name":"wp","href":"https:\/\/api.w.org\/{rel}","templated":true}]}}